{"id":50,"date":"2019-11-27T19:51:31","date_gmt":"2019-11-27T19:51:31","guid":{"rendered":"https:\/\/erinnerungsorte.eu\/?page_id=50"},"modified":"2020-11-21T13:18:17","modified_gmt":"2020-11-21T13:18:17","slug":"ueber-diese-seite","status":"publish","type":"page","link":"https:\/\/erinnerungsorte.eu\/?page_id=50","title":{"rendered":"\u00dcber diese Seite"},"content":{"rendered":"\n<p>Die Erinnerung an den Ersten Weltkrieg ist in Deutschland \u00fcberwiegend von den Ereignissen des Zweiten Weltkriegs \u00fcberschattet und verdr\u00e4ngt worden. Im \u00f6ffentlichen Raum und im gemeinsamen Ged\u00e4chtnis ist er weniger pr\u00e4sent als die Schrecken des Holocausts, zu deren Gedenken vielerorts Denkm\u00e4ler errichtet wurden. Das ist verst\u00e4ndlich, wird jedoch den Au\u00dfma\u00dfen und Folgen des Krieges, der in Frankreich als <em>Grande Guerre<\/em> oder in Gro\u00dfbritannien als <em>Great War<\/em>  wesentlich tiefer im kollektiven Ged\u00e4chtnis verankert ist, nicht gerecht. Zum hundertj\u00e4hrigen Gedenken an den Ersten Weltkrieg in den Jahren 2014 bis 2018 hat sich das ein wenig ge\u00e4ndert.<\/p>\n\n\n\n<p>Als ich mich im Rahmen meiner Masterarbeit mit Karl Kraus&#8216; <em>Die letzten Tage der Menschheit<\/em> auseinandergesetzt habe, begann ich mich f\u00fcr den Ersten Weltkrieg zu interessieren und stie\u00df bald auf die Erkenntnis, dass sich der Krieg aus unterschiedlich nationaler Betrachtung jeweils anders erz\u00e4hlen l\u00e4sst. Der deutsch-franz\u00f6sische Konflikt und die Handlungen an der (deutschen) Westfront sind aus der \u00f6sterreichischen Perspektive beispielsweise nicht im Fokus. Den Weltkrieg aus wirklich globaler Perspektive zu erz\u00e4hlen, ohne vom eigenen nationalen Standpunkt auszugehen, scheint fast unm\u00f6glich. Zumindest bin ich in den letzten Jahren noch auf keine (historiographische) Erz\u00e4hlung des Krieges gesto\u00dfen, die das geschafft h\u00e4tte. Diese verschiedenen Sichtweisen auf ein Erlebnis, das fast allen Staaten Europas gemein ist, begann mich zu interessieren. Inzwischen promoviere ich am Graduiertenkolleg &#8222;Gr\u00fcndungsmythen Europas in Literatur, Kultur und Musik&#8220; der Universit\u00e4ten Bonn, Paris und Florenz zur Frage nach dem Erleben des Krieges im Hinterland und welche gemeinsamen oder unterschiedlichen Wertungen des Geschehens stattfanden.<\/p>\n\n\n\n<p>Seit meinem erwachten Interesse am Ersten Weltkrieg sto\u00dfe ich bei Reisen oder Spazierg\u00e4ngen immer wieder auf Denkm\u00e4ler und Gr\u00e4ber aus dieser Zeit. Auch hier fallen nationale Unterschiedliche in der Erinnerungskultur auf, die mich faszinieren. Ich begann, meine Besuche von Gedenkst\u00e4tten fotografisch zu dokumentieren und habe inzwischen aus vielen Jahren Material gesammelt. Auf diesem Blog m\u00f6chte ich diese Funde teilen und meine durch Zufall geleiteten Entdeckungslust noch a posteriori systematisieren. Die Fotos stammen, sofern nicht anders angegeben, alle von mir. Mit einer Free-Culture-Lizenz (<a rel=\"noreferrer noopener\" href=\"https:\/\/creativecommons.org\/licenses\/by-sa\/4.0\/\" target=\"_blank\">CC BY-SA 4.0<\/a>) stelle ich sie anderen gerne zu Verf\u00fcgung.<\/p>\n\n\n\n<p>Weil ich mich eine ganze Weile mit Pierre Noras <em>Lieux de m\u00e9moire<\/em><span class=\"footnote_referrer\"><a role=\"button\" tabindex=\"0\" onclick=\"footnote_moveToReference_50_1('footnote_plugin_reference_50_1_1');\" onkeypress=\"footnote_moveToReference_50_1('footnote_plugin_reference_50_1_1');\" ><sup id=\"footnote_plugin_tooltip_50_1_1\" class=\"footnote_plugin_tooltip_text\">1<\/sup><\/a><span id=\"footnote_plugin_tooltip_text_50_1_1\" class=\"footnote_tooltip\">Nora, Pierre: <em>Les lieux de m\u00e9moire<\/em>. 7 Bde. Paris 1984-1992.<\/span><\/span><script type=\"text\/javascript\"> jQuery('#footnote_plugin_tooltip_50_1_1').tooltip({ tip: '#footnote_plugin_tooltip_text_50_1_1', tipClass: 'footnote_tooltip', effect: 'fade', predelay: 0, fadeInSpeed: 200, delay: 400, fadeOutSpeed: 200, position: 'top right', relative: true, offset: [10, 10], });<\/script> (dt. Erinnerungs- oder Ged\u00e4chtnisorte) und auch mit der Frage, ob es europ\u00e4ische Erinnerungsorte<span class=\"footnote_referrer\"><a role=\"button\" tabindex=\"0\" onclick=\"footnote_moveToReference_50_1('footnote_plugin_reference_50_1_2');\" onkeypress=\"footnote_moveToReference_50_1('footnote_plugin_reference_50_1_2');\" ><sup id=\"footnote_plugin_tooltip_50_1_2\" class=\"footnote_plugin_tooltip_text\">2<\/sup><\/a><span id=\"footnote_plugin_tooltip_text_50_1_2\" class=\"footnote_tooltip\">Vgl. zu der Frage z.B. das Vorwort in: Boer, Pim den; Duchhardt, Heinz; Kreis, Georg; Schmale, Wolfgang: <em>Europ\u00e4ische Erinnerungsorte<\/em>. 3 Bde. M\u00fcnchen: Oldenbourg 2012.<\/span><\/span><script type=\"text\/javascript\"> jQuery('#footnote_plugin_tooltip_50_1_2').tooltip({ tip: '#footnote_plugin_tooltip_text_50_1_2', tipClass: 'footnote_tooltip', effect: 'fade', predelay: 0, fadeInSpeed: 200, delay: 400, fadeOutSpeed: 200, position: 'top right', relative: true, offset: [10, 10], });<\/script> geben kann, habe ich den Begriff auf der Suche nach einem Namen f\u00fcr den Blog f\u00fcr mich gekapert. In der urspr\u00fcnglichen Bedeutung bezeichnen die <em>loci memoriae<\/em> auch tats\u00e4chlich konkrete Orte wie Grab- oder Denkm\u00e4ler. Erst in Noras Konzept, das das kollektive Ged\u00e4chtnis in die Geschichtswissenschaft zu integrieren sucht, l\u00f6st sich der Begriff von den rein geographischen Orten. <\/p>\n\n\n\n<p>(November 2019)<\/p>\n<div class=\"speaker-mute footnotes_reference_container\"> <div class=\"footnote_container_prepare\"><p><span role=\"button\" tabindex=\"0\" class=\"footnote_reference_container_label pointer\" onclick=\"footnote_expand_collapse_reference_container_50_1();\">&#x202F;<\/span><span role=\"button\" tabindex=\"0\" class=\"footnote_reference_container_collapse_button\" style=\"display: none;\" onclick=\"footnote_expand_collapse_reference_container_50_1();\">[<a id=\"footnote_reference_container_collapse_button_50_1\">+<\/a>]<\/span><\/p><\/div> <div id=\"footnote_references_container_50_1\" style=\"\"><table class=\"footnotes_table footnote-reference-container\"><caption class=\"accessibility\">References<\/caption> <tbody> \r\n\r\n<tr class=\"footnotes_plugin_reference_row\"> <th scope=\"row\" class=\"footnote_plugin_index_combi pointer\"  onclick=\"footnote_moveToAnchor_50_1('footnote_plugin_tooltip_50_1_1');\"><a id=\"footnote_plugin_reference_50_1_1\" class=\"footnote_backlink\"><span class=\"footnote_index_arrow\">&#8593;<\/span>1<\/a><\/th> <td class=\"footnote_plugin_text\">Nora, Pierre: <em>Les lieux de m\u00e9moire<\/em>. 7 Bde. Paris 1984-1992.<\/td><\/tr>\r\n\r\n<tr class=\"footnotes_plugin_reference_row\"> <th scope=\"row\" class=\"footnote_plugin_index_combi pointer\"  onclick=\"footnote_moveToAnchor_50_1('footnote_plugin_tooltip_50_1_2');\"><a id=\"footnote_plugin_reference_50_1_2\" class=\"footnote_backlink\"><span class=\"footnote_index_arrow\">&#8593;<\/span>2<\/a><\/th> <td class=\"footnote_plugin_text\">Vgl. zu der Frage z.B. das Vorwort in: Boer, Pim den; Duchhardt, Heinz; Kreis, Georg; Schmale, Wolfgang: <em>Europ\u00e4ische Erinnerungsorte<\/em>. 3 Bde. M\u00fcnchen: Oldenbourg 2012.<\/td><\/tr>\r\n\r\n <\/tbody> <\/table> <\/div><\/div><script type=\"text\/javascript\"> function footnote_expand_reference_container_50_1() { jQuery('#footnote_references_container_50_1').show(); jQuery('#footnote_reference_container_collapse_button_50_1').text('\u2212'); } function footnote_collapse_reference_container_50_1() { jQuery('#footnote_references_container_50_1').hide(); jQuery('#footnote_reference_container_collapse_button_50_1').text('+'); } function footnote_expand_collapse_reference_container_50_1() { if (jQuery('#footnote_references_container_50_1').is(':hidden')) { footnote_expand_reference_container_50_1(); } else { footnote_collapse_reference_container_50_1(); } } function footnote_moveToReference_50_1(p_str_TargetID) { footnote_expand_reference_container_50_1(); var l_obj_Target = jQuery('#' + p_str_TargetID); if (l_obj_Target.length) { jQuery( 'html, body' ).delay( 0 ); jQuery('html, body').animate({ scrollTop: l_obj_Target.offset().top - window.innerHeight * 0.2 }, 380); } } function footnote_moveToAnchor_50_1(p_str_TargetID) { footnote_expand_reference_container_50_1(); var l_obj_Target = jQuery('#' + p_str_TargetID); if (l_obj_Target.length) { jQuery( 'html, body' ).delay( 0 ); jQuery('html, body').animate({ scrollTop: l_obj_Target.offset().top - window.innerHeight * 0.2 }, 380); } }<\/script>","protected":false},"excerpt":{"rendered":"<p>Die Erinnerung an den Ersten Weltkrieg ist in Deutschland \u00fcberwiegend von den Ereignissen des Zweiten Weltkriegs \u00fcberschattet und verdr\u00e4ngt worden. Im \u00f6ffentlichen Raum und im gemeinsamen Ged\u00e4chtnis ist er weniger pr\u00e4sent als die Schrecken des Holocausts, zu deren Gedenken vielerorts Denkm\u00e4ler errichtet wurden. Das ist verst\u00e4ndlich, wird jedoch den Au\u00dfma\u00dfen und Folgen des Krieges, der [&hellip;]<\/p>\n","protected":false},"author":1,"featured_media":0,"parent":0,"menu_order":0,"comment_status":"closed","ping_status":"closed","template":"","meta":{"footnotes":""},"class_list":["post-50","page","type-page","status-publish","hentry"],"jetpack_sharing_enabled":true,"_links":{"self":[{"href":"https:\/\/erinnerungsorte.eu\/index.php?rest_route=\/wp\/v2\/pages\/50","targetHints":{"allow":["GET"]}}],"collection":[{"href":"https:\/\/erinnerungsorte.eu\/index.php?rest_route=\/wp\/v2\/pages"}],"about":[{"href":"https:\/\/erinnerungsorte.eu\/index.php?rest_route=\/wp\/v2\/types\/page"}],"author":[{"embeddable":true,"href":"https:\/\/erinnerungsorte.eu\/index.php?rest_route=\/wp\/v2\/users\/1"}],"replies":[{"embeddable":true,"href":"https:\/\/erinnerungsorte.eu\/index.php?rest_route=%2Fwp%2Fv2%2Fcomments&post=50"}],"version-history":[{"count":10,"href":"https:\/\/erinnerungsorte.eu\/index.php?rest_route=\/wp\/v2\/pages\/50\/revisions"}],"predecessor-version":[{"id":165,"href":"https:\/\/erinnerungsorte.eu\/index.php?rest_route=\/wp\/v2\/pages\/50\/revisions\/165"}],"wp:attachment":[{"href":"https:\/\/erinnerungsorte.eu\/index.php?rest_route=%2Fwp%2Fv2%2Fmedia&parent=50"}],"curies":[{"name":"wp","href":"https:\/\/api.w.org\/{rel}","templated":true}]}}